{"id":6755,"date":"2024-10-20T15:07:30","date_gmt":"2024-10-20T15:07:30","guid":{"rendered":"https:\/\/eurospeed.ro\/?page_id=6755"},"modified":"2025-02-19T09:12:22","modified_gmt":"2025-02-19T09:12:22","slug":"privacy-policy","status":"publish","type":"page","link":"https:\/\/eurospeed.ro\/ro\/privacy-policy\/","title":{"rendered":"Politic\u0103 de confiden\u021bialitate"},"content":{"rendered":"<div data-elementor-type=\"wp-page\" data-elementor-id=\"6755\" class=\"elementor elementor-6755\" data-elementor-post-type=\"page\">\n\t\t\t\t\t\t<section data-particle_enable=\"false\" data-particle-mobile-disabled=\"false\" class=\"elementor-section elementor-top-section elementor-element elementor-element-31484052 elementor-section-boxed elementor-section-height-default elementor-section-height-default\" data-id=\"31484052\" data-element_type=\"section\" data-e-type=\"section\">\n\t\t\t\t\t\t<div class=\"elementor-container elementor-column-gap-default\">\n\t\t\t\t\t<div class=\"elementor-column elementor-col-100 elementor-top-column elementor-element elementor-element-587f7ce5\" data-id=\"587f7ce5\" data-element_type=\"column\" data-e-type=\"column\">\n\t\t\t<div class=\"elementor-widget-wrap elementor-element-populated\">\n\t\t\t\t\t\t<div class=\"elementor-element elementor-element-17b1c636 elementor-widget elementor-widget-text-editor\" data-id=\"17b1c636\" data-element_type=\"widget\" data-e-type=\"widget\" data-widget_type=\"text-editor.default\">\n\t\t\t\t<div class=\"elementor-widget-container\">\n\t\t\t\t\t\t\t\t\t<p><strong>Cine suntem<\/strong><br \/>Adresa noastr\u0103 de website este: <a href=\"https:\/\/eurospeed.ro\/ro\/\">https:\/\/eurospeed.ro<\/a>.<\/p>\n<p><strong>Comentarii<\/strong><br \/>Atunci c\u00e2nd vizitatorii las\u0103 comentarii pe site, colect\u0103m datele afi\u0219ate \u00een formularul de comentarii, precum \u0219i adresa IP a vizitatorului \u0219i \u0219irul agentului utilizator al browserului pentru a ajuta la detectarea spamului.<br \/>Un \u0219ir anonim creat din adresa ta de email (cunoscut \u0219i sub denumirea de hash) poate fi trimis c\u0103tre serviciul Gravatar pentru a verifica dac\u0103 \u00eel folose\u0219ti. Politica de confiden\u021bialitate a serviciului Gravatar este disponibil\u0103 aici: <a href=\"https:\/\/automattic.com\/privacy\/\">https:\/\/automattic.com\/privacy\/<\/a>. Dup\u0103 aprobarea comentariului t\u0103u, fotografia de profil va fi vizibil\u0103 publicului \u00een contextul comentariului.<\/p>\n<p><strong>Media<\/strong><br \/>Dac\u0103 \u00eencarci imagini pe website, ar trebui s\u0103 evi\u021bi \u00eenc\u0103rcarea imaginilor care con\u021bin date de loca\u021bie \u00eencorporate (EXIF GPS). Vizitatorii website-ului pot desc\u0103rca \u0219i extrage orice date de loca\u021bie din imaginile de pe website.<\/p>\n<p><strong>Cookie-uri<\/strong><br \/>Dac\u0103 la\u0219i un comentariu pe site, po\u021bi opta pentru salvarea numelui t\u0103u, a adresei de email \u0219i a website-ului \u00een cookie-uri. Acestea sunt pentru confortul t\u0103u, astfel \u00eenc\u00e2t s\u0103 nu fie nevoie s\u0103 completezi din nou detaliile tale atunci c\u00e2nd la\u0219i un alt comentariu. Aceste cookie-uri vor dura un an.<br \/>Dac\u0103 vizitezi pagina de logare, vom seta un cookie temporar pentru a determina dac\u0103 browserul t\u0103u accept\u0103 cookie-uri. Acest cookie nu con\u021bine date personale \u0219i este eliminat atunci c\u00e2nd \u00eenchizi browserul.<br \/>C\u00e2nd te loghezi, vom seta \u0219i alte cookie-uri pentru a salva informa\u021biile tale de logare \u0219i alegerile tale de afi\u0219are a ecranului. Cookie-urile de logare dureaz\u0103 dou\u0103 zile, iar cookie-urile pentru op\u021biunile de ecran dureaz\u0103 un an. Dac\u0103 selectezi \u201eRemember Me\u201d (\u021aine-m\u0103 minte), logarea ta va persista timp de dou\u0103 s\u0103pt\u0103m\u00e2ni. Dac\u0103 te deconectezi din contul t\u0103u, cookie-urile de logare vor fi \u0219terse.<br \/>Dac\u0103 editezi sau publici un articol, un alt cookie va fi salvat \u00een browserul t\u0103u. Acest cookie nu con\u021bine date personale \u0219i indic\u0103 doar ID-ul post\u0103rii pe care tocmai ai editat-o. Expir\u0103 dup\u0103 1 zi.<\/p>\n<p><strong>Con\u021binut \u00eencorporat de pe alte website-uri<\/strong><br \/>Articolele de pe acest site pot include con\u021binut \u00eencorporat (de exemplu, video-uri, imagini, articole etc.). Con\u021binutul \u00eencorporat de pe alte website-uri se comport\u0103 exact la fel ca \u0219i cum vizitatorul ar fi vizitat acel alt website.<br \/>Aceste website-uri pot colecta date despre tine, pot folosi cookie-uri, pot \u00eencorpora urm\u0103rire suplimentar\u0103 a ter\u021bilor \u0219i pot monitoriza interac\u021biunea ta cu acel con\u021binut \u00eencorporat, inclusiv urm\u0103rirea interac\u021biunii tale cu con\u021binutul \u00eencorporat dac\u0103 ai un cont \u0219i e\u0219ti logat pe acel website.<\/p>\n<p><strong>Cu cine \u00eemp\u0103rt\u0103\u0219im datele tale<\/strong><br \/>Dac\u0103 solici\u021bi o resetare a parolei, adresa ta IP va fi inclus\u0103 \u00een emailul de resetare.<\/p>\n<p><strong>C\u00e2t timp p\u0103str\u0103m datele tale<\/strong><br \/>Dac\u0103 la\u0219i un comentariu, comentariul \u0219i metadatele acestuia sunt p\u0103strate pe termen nelimitat. Aceasta se face pentru a putea recunoa\u0219te \u0219i aproba automat orice comentarii de urmare, f\u0103r\u0103 a le pune \u00eentr-o coad\u0103 de moderare.<br \/>Pentru utilizatorii care se \u00eenregistreaz\u0103 pe website-ul nostru (dac\u0103 exist\u0103), p\u0103str\u0103m \u0219i informa\u021biile personale pe care le furnizeaz\u0103 \u00een profilul lor de utilizator. To\u021bi utilizatorii pot vedea, edita sau \u0219terge informa\u021biile lor personale \u00een orice moment (cu excep\u021bia faptului c\u0103 nu pot schimba numele de utilizator). Administratorii website-ului pot, de asemenea, s\u0103 vad\u0103 \u0219i s\u0103 editeze aceste informa\u021bii.<\/p>\n<p><strong>Ce drepturi ai asupra datelor tale<\/strong><br \/>Dac\u0103 ai un cont pe acest site sau ai l\u0103sat comentarii, po\u021bi solicita s\u0103 prime\u0219ti un fi\u0219ier exportat cu datele tale personale pe care le p\u0103str\u0103m despre tine, inclusiv orice date pe care le-ai furnizat. Po\u021bi, de asemenea, s\u0103 solici\u021bi \u0219tergerea oric\u0103ror date personale pe care le p\u0103str\u0103m despre tine. Acestea nu includ datele pe care suntem obliga\u021bi s\u0103 le p\u0103str\u0103m din motive administrative, legale sau de securitate.<\/p>\n<p><strong>Unde sunt trimise datele tale<\/strong><br \/>Comentariile vizitatorilor pot fi verificate printr-un serviciu automat de detectare a spamului.<\/p>\t\t\t\t\t\t\t\t<\/div>\n\t\t\t\t<\/div>\n\t\t\t\t\t<\/div>\n\t\t<\/div>\n\t\t\t\t\t<\/div>\n\t\t<\/section>\n\t\t\t\t<\/div>","protected":false},"excerpt":{"rendered":"<p>Cine suntemAdresa noastr\u0103 de website este: https:\/\/eurospeed.ro. ComentariiAtunci c\u00e2nd vizitatorii las\u0103 comentarii pe site, colect\u0103m datele afi\u0219ate \u00een formularul de comentarii, precum \u0219i adresa IP a vizitatorului \u0219i \u0219irul agentului utilizator al browserului pentru a ajuta la detectarea spamului.Un \u0219ir anonim creat din adresa ta de email (cunoscut \u0219i sub denumirea de hash) poate fi [&hellip;]<\/p>\n","protected":false},"author":1,"featured_media":0,"parent":0,"menu_order":0,"comment_status":"closed","ping_status":"closed","template":"","meta":{"_eb_attr":"","_view_id":"","footnotes":""},"class_list":["post-6755","page","type-page","status-publish","hentry"],"_links":{"self":[{"href":"https:\/\/eurospeed.ro\/ro\/wp-json\/wp\/v2\/pages\/6755","targetHints":{"allow":["GET"]}}],"collection":[{"href":"https:\/\/eurospeed.ro\/ro\/wp-json\/wp\/v2\/pages"}],"about":[{"href":"https:\/\/eurospeed.ro\/ro\/wp-json\/wp\/v2\/types\/page"}],"author":[{"embeddable":true,"href":"https:\/\/eurospeed.ro\/ro\/wp-json\/wp\/v2\/users\/1"}],"replies":[{"embeddable":true,"href":"https:\/\/eurospeed.ro\/ro\/wp-json\/wp\/v2\/comments?post=6755"}],"version-history":[{"count":8,"href":"https:\/\/eurospeed.ro\/ro\/wp-json\/wp\/v2\/pages\/6755\/revisions"}],"predecessor-version":[{"id":6860,"href":"https:\/\/eurospeed.ro\/ro\/wp-json\/wp\/v2\/pages\/6755\/revisions\/6860"}],"wp:attachment":[{"href":"https:\/\/eurospeed.ro\/ro\/wp-json\/wp\/v2\/media?parent=6755"}],"curies":[{"name":"wp","href":"https:\/\/api.w.org\/{rel}","templated":true}]}}